{"id":1116,"date":"2020-12-16T13:49:38","date_gmt":"2020-12-16T13:49:38","guid":{"rendered":"http:\/\/tiu.edu.iq\/business\/icabep\/?page_id=1116"},"modified":"2024-05-26T10:10:47","modified_gmt":"2024-05-26T07:10:47","slug":"icabep-2019","status":"publish","type":"page","link":"https:\/\/conferences.tiu.edu.iq\/icabep\/icabep-2019\/","title":{"rendered":"ICABEP 2019"},"content":{"rendered":"<div class=\"wp-block-image\">\n<figure class=\"aligncenter\"><img decoding=\"async\" src=\"http:\/\/tiu.edu.iq\/business\/icabep-archives\/wp-content\/uploads\/2019\/09\/ThreeLogos-1024x307.png\" alt=\"\" class=\"wp-image-4266\"\/><\/figure><\/div>\n\n\n<h3 class=\"wp-block-heading has-text-align-center\" id=\"h-2nd-joint-international-conferenceon-accounting-business-economics-and-politics\"><strong>2nd Joint International Conference<\/strong><br><strong>on Accounting, Business, Economics and Politics<\/strong><\/h3>\n\n\n<h5 class=\"has-text-align-center\">organized by<br \/>Faculty of Administrative Sciences and Economics, Tishk International University,<br \/>College of Administration and Economics, Salahaddin University-Erbil, and the<br \/>University of Szczecin, Poland.<\/h5>\n\n\n<h2 class=\"wp-block-heading has-text-align-center\" id=\"h-april-10-11-2019\"><em><strong>April&nbsp;10-11, 2019<\/strong><\/em><\/h2>\n\n\n\n<hr class=\"wp-block-separator has-css-opacity is-style-wide\"\/>\n\n\n\n<p><\/p>\n\n\n\n<h3 class=\"wp-block-heading has-text-align-center has-luminous-vivid-orange-color has-text-color\" id=\"h-link-proceedings-papers\"><mark style=\"background-color:rgba(0, 0, 0, 0)\" class=\"has-inline-color has-black-color\">Link:<\/mark><mark style=\"background-color:rgba(0, 0, 0, 0)\" class=\"has-inline-color\"><font color=\"#0b78b8\"> <\/font><\/mark><a style=\"color: rgb(11, 120, 184);\" href=\"http:\/\/conferences.tiu.edu.iq\/icabep\/proceedings-papers-2019\/\" target=\"_blank\" rel=\"noreferrer noopener\"><mark style=\"background-color:rgba(0, 0, 0, 0);color:#021aa3\" class=\"has-inline-color\">Proceedings Papers<\/mark><\/a><\/h3>\n\n\n\n<p><\/p>\n\n\n\n<hr class=\"wp-block-separator has-css-opacity is-style-wide\"\/>\n\n\n\n<div class=\"wp-block-columns are-vertically-aligned-center is-layout-flex wp-container-core-columns-is-layout-9d6595d7 wp-block-columns-is-layout-flex\">\n<div class=\"wp-block-column is-vertically-aligned-center is-layout-flow wp-block-column-is-layout-flow\" style=\"flex-basis:100%\">\n<div class=\"wp-block-group\"><div class=\"wp-block-group__inner-container is-layout-flow wp-block-group-is-layout-flow\">\n<style type=\"text\/css\">\n.tg  {border-collapse:collapse;border-spacing:0;}\n.tg td{border-color:black;border-style:solid;border-width:1px;font-family:Arial, sans-serif;font-size:14px;\n  overflow:hidden;padding:2px 15px;word-break:normal;}\n.tg th{border-color:black;border-style:solid;border-width:1px;font-family:Arial, sans-serif;font-size:14px;\n  font-weight:normal;overflow:hidden;padding:2px 15px;word-break:normal;}\n.tg .tg-oe15{background-color:#ffffff;border-color:#ffffff;text-align:left;vertical-align:top}\n.tg .tg-ct6o{background-color:#607d9b;border-color:#000000;color:#ffffff;font-weight:bold;text-align:center;vertical-align:middle}\n.tg .tg-4e6d{border-color:#000000;color:#00E;text-align:left;text-decoration:underline;vertical-align:top}\n.tg .tg-0a7q{border-color:#000000;text-align:left;vertical-align:middle}\n<\/style>\n<table class=\"tg\" style=\"undefined;table-layout: fixed; width: 1134px\">\n<colgroup>\n<col style=\"width: 181px\">\n<col style=\"width: 301px\">\n<col style=\"width: 501px\">\n<col style=\"width: 151px\">\n<\/colgroup>\n<thead>\n  <tr>\n    <th class=\"tg-oe15\" rowspan=\"4\"><\/th>\n    <th class=\"tg-ct6o\">Keynote Speakers<\/th>\n    <th class=\"tg-ct6o\">Title<\/th>\n    <th class=\"tg-oe15\" rowspan=\"4\"><\/th>\n  <\/tr>\n  <tr>\n    <td class=\"tg-4e6d\"><a>Prof. dr hab. Waldemar Tarczy\u0144ski<\/a><\/td>\n    <td class=\"tg-0a7q\">Dean of Faculty Economics and Management University of Szczecin<\/td>\n  <\/tr>\n  <tr>\n    <td class=\"tg-4e6d\">Professor Dr. Wawrzyniec Konarski  <\/td>\n    <td class=\"tg-0a7q\">Rector\u2019s Proxy of Vistula University Warsaw, Poland<\/td>\n  <\/tr>\n  <tr>\n    <td class=\"tg-4e6d\"><a>S\u0142awomir Chomik M.D., PhD MBA<\/a><\/td>\n    <td class=\"tg-0a7q\">M.D. Warsaw, Poland<\/td>\n  <\/tr>\n<\/thead>\n<\/table>\n<\/div><\/div>\n<\/div>\n<\/div>\n\n\n\n<hr class=\"wp-block-separator has-css-opacity\"\/>\n\n\n\n<style type=\"text\/css\">\n.tg  {border-collapse:collapse;border-spacing:0;}\n.tg td{border-color:black;border-style:solid;border-width:1px;font-family:Arial, sans-serif;font-size:14px;\n  overflow:hidden;padding:3px 13px;word-break:normal;}\n.tg th{border-color:black;border-style:solid;border-width:1px;font-family:Arial, sans-serif;font-size:14px;\n  font-weight:normal;overflow:hidden;padding:3px 13px;word-break:normal;}\n.tg .tg-bzb2{color:#00E;text-align:left;text-decoration:underline;vertical-align:middle}\n.tg .tg-zsjs{background-color:#FFF;border-color:#ffffff;font-weight:bold;text-align:center;vertical-align:middle}\n.tg .tg-lpec{background-color:#607D9B;border-color:#000000;color:#FFF;font-weight:bold;text-align:center;vertical-align:middle}\n.tg .tg-osp6{background-color:#FFF;border-color:#ffffff;font-weight:bold;text-align:left;vertical-align:top}\n.tg .tg-9lkr{border-color:#000000;color:#00E;text-align:left;text-decoration:underline;vertical-align:middle}\n.tg .tg-0a7q{border-color:#000000;text-align:left;vertical-align:middle}\n.tg .tg-7h26{color:#00E;text-align:left;text-decoration:underline;vertical-align:top}\n<\/style>\n<table class=\"tg\" style=\"undefined;table-layout: fixed; width: 1136px\">\n<colgroup>\n<col style=\"width: 182px\">\n<col style=\"width: 301px\">\n<col style=\"width: 502px\">\n<col style=\"width: 151px\">\n<\/colgroup>\n<thead>\n  <tr>\n    <th class=\"tg-zsjs\" rowspan=\"12\"><\/th>\n    <th class=\"tg-lpec\">Editorial Committee<\/th>\n    <th class=\"tg-lpec\">Title &amp; Universities <\/th>\n    <th class=\"tg-osp6\" rowspan=\"12\"><\/th>\n  <\/tr>\n  <tr>\n    <td class=\"tg-9lkr\">Dr. Fatih Cura<\/td>\n    <td class=\"tg-9lkr\">Tishk International University<\/td>\n  <\/tr>\n  <tr>\n    <td class=\"tg-9lkr\">Navulur Krishna Surarchith<\/td>\n    <td class=\"tg-9lkr\">Tishk International University<\/td>\n  <\/tr>\n  <tr>\n    <td class=\"tg-9lkr\"> Dr. Dilshad H. Khdhir<\/td>\n    <td class=\"tg-9lkr\">Tishk International University<\/td>\n  <\/tr>\n  <tr>\n    <td class=\"tg-9lkr\">Karwan Sherwani<\/td>\n    <td class=\"tg-bzb2\">Tishk International University<\/td>\n  <\/tr>\n  <tr>\n    <td class=\"tg-9lkr\">Dr. Hawraman Ali<\/td>\n    <td class=\"tg-bzb2\">Tishk International University<\/td>\n  <\/tr>\n  <tr>\n    <td class=\"tg-0a7q\">Prof. Ma\u0142gorzata \u0141atuszy\u0144ska<\/td>\n    <td class=\"tg-bzb2\">University of Szczecin<\/td>\n  <\/tr>\n  <tr>\n    <td class=\"tg-0a7q\">Prof. Waldemar Tarczy\u0144ski <\/td>\n    <td class=\"tg-bzb2\">University of Szczecin<\/td>\n  <\/tr>\n  <tr>\n    <td class=\"tg-0a7q\">Prof. Kesra Nermend<\/td>\n    <td class=\"tg-bzb2\">University of Szczecin<\/td>\n  <\/tr>\n  <tr>\n    <td class=\"tg-0a7q\">Dr.  Uma Shankar Singh<\/td>\n    <td class=\"tg-7h26\"><a href=\"http:\/\/tiu.edu.iq\/\">Tishk International University<\/a><\/td>\n  <\/tr>\n  <tr>\n    <td class=\"tg-0a7q\">Karwan Talaat<\/td>\n    <td class=\"tg-7h26\"><a href=\"http:\/\/tiu.edu.iq\/\">Tishk International University<\/a><\/td>\n  <\/tr>\n  <tr>\n    <td class=\"tg-0a7q\">Fayeq Ali <\/td>\n    <td class=\"tg-7h26\"><a href=\"http:\/\/tiu.edu.iq\/\">Tishk International University<\/a><\/td>\n  <\/tr>\n<\/thead>\n<\/table>\n\n\n\n<hr class=\"wp-block-separator has-css-opacity\"\/>\n\n\n\n<style type=\"text\/css\">\n.tg  {border-collapse:collapse;border-spacing:0;}\n.tg td{border-color:black;border-style:solid;border-width:1px;font-family:Arial, sans-serif;font-size:14px;\n  overflow:hidden;padding:3px 13px;word-break:normal;}\n.tg th{border-color:black;border-style:solid;border-width:1px;font-family:Arial, sans-serif;font-size:14px;\n  font-weight:normal;overflow:hidden;padding:3px 13px;word-break:normal;}\n.tg .tg-zsjs{background-color:#FFF;border-color:#ffffff;font-weight:bold;text-align:center;vertical-align:middle}\n.tg .tg-lpec{background-color:#607D9B;border-color:#000000;color:#FFF;font-weight:bold;text-align:center;vertical-align:middle}\n.tg .tg-d8ly{background-color:#FFF;border-color:#ffffff;font-weight:bold;text-align:left;vertical-align:middle}\n.tg .tg-9lkr{border-color:#000000;color:#00E;text-align:left;text-decoration:underline;vertical-align:middle}\n.tg .tg-4e6d{border-color:#000000;color:#00E;text-align:left;text-decoration:underline;vertical-align:top}\n.tg .tg-y02l{border-color:inherit;color:#00E;text-align:left;text-decoration:underline;vertical-align:top}\n.tg .tg-0a7q{border-color:#000000;text-align:left;vertical-align:middle}\n<\/style>\n<table class=\"tg\" style=\"undefined;table-layout: fixed; width: 1134px\">\n<colgroup>\n<col style=\"width: 181px\">\n<col style=\"width: 301px\">\n<col style=\"width: 501px\">\n<col style=\"width: 151px\">\n<\/colgroup>\n<thead>\n  <tr>\n    <th class=\"tg-zsjs\" rowspan=\"12\"><\/th>\n    <th class=\"tg-lpec\">Organizing Committee<\/th>\n    <th class=\"tg-lpec\">Title &amp; Universities <\/th>\n    <th class=\"tg-d8ly\" rowspan=\"12\"><\/th>\n  <\/tr>\n  <tr>\n    <td class=\"tg-9lkr\">Dr in\u017c. Anna Borawska<\/td>\n    <td class=\"tg-4e6d\"><a href=\"http:\/\/usz.edu.pl\/\"><span style=\"text-decoration:none;color:#000;background-color:transparent\">University of Szczecin<\/span><\/a><\/td>\n  <\/tr>\n  <tr>\n    <td class=\"tg-9lkr\">Dr in\u017c. Mateusz Piwowarski<\/td>\n    <td class=\"tg-4e6d\"><a href=\"http:\/\/usz.edu.pl\/\"><span style=\"text-decoration:none;color:#000;background-color:transparent\">University of Szczecin<\/span><\/a><\/td>\n  <\/tr>\n  <tr>\n    <td class=\"tg-9lkr\">Dr Aleksandra G\u0105sior<\/td>\n    <td class=\"tg-4e6d\"><a href=\"http:\/\/usz.edu.pl\/\"><span style=\"text-decoration:none;color:#000;background-color:transparent\">University of Szczecin<\/span><\/a><\/td>\n  <\/tr>\n  <tr>\n    <td class=\"tg-9lkr\">mgr Agnieszka \u0141opatka<\/td>\n    <td class=\"tg-y02l\"><a href=\"http:\/\/usz.edu.pl\/\"><span style=\"text-decoration:none;color:#000;background-color:transparent\">University of Szczecin<\/span><\/a><\/td>\n  <\/tr>\n  <tr>\n    <td class=\"tg-9lkr\">Abdulrahman Zrar Abdulrahman<\/td>\n    <td class=\"tg-y02l\">Salahaddin University<\/td>\n  <\/tr>\n  <tr>\n    <td class=\"tg-0a7q\">Asst. Prof. Dr. Mudhafar Hamad Ali<\/td>\n    <td class=\"tg-y02l\">Salahaddin University<\/td>\n  <\/tr>\n  <tr>\n    <td class=\"tg-0a7q\">Dr. Adnan Nader Hammed<\/td>\n    <td class=\"tg-y02l\">Salahaddin University<\/td>\n  <\/tr>\n  <tr>\n    <td class=\"tg-0a7q\">Dr.  Hawraman Ali<\/td>\n    <td class=\"tg-y02l\"><a href=\"http:\/\/tiu.edu.iq\/\">Tishk International University<\/a><\/td>\n  <\/tr>\n  <tr>\n    <td class=\"tg-0a7q\">Dr.  Uma Shankar Singh<\/td>\n    <td class=\"tg-y02l\"><a href=\"http:\/\/tiu.edu.iq\/\">Tishk International University<\/a><\/td>\n  <\/tr>\n  <tr>\n    <td class=\"tg-0a7q\">Karwan Talaat<\/td>\n    <td class=\"tg-y02l\"><a href=\"http:\/\/tiu.edu.iq\/\">Tishk International University<\/a><\/td>\n  <\/tr>\n  <tr>\n    <td class=\"tg-0a7q\">Fayeq Ali <\/td>\n    <td class=\"tg-y02l\"><a href=\"http:\/\/tiu.edu.iq\/\">Tishk International University<\/a><\/td>\n  <\/tr>\n<\/thead>\n<\/table>\n\n\n\n<p><\/p>\n\n\n\n<p><\/p>\n\n\n\n<p><\/p>\n\n\n\n<hr class=\"wp-block-separator has-css-opacity is-style-wide\"\/>\n\n\n<div class=\"alignnormal\">[metaslider id=2667 cssclass=&#8221;&#8221;]<\/div>\n\n\n<p><\/p>\n\n\n\n<h3 class=\"wp-block-heading has-text-align-center\" id=\"h-conference-sponsors-partners\">Conference Sponsors &amp; Partners<\/h3>\n\n\n\n<figure class=\"wp-block-gallery aligncenter has-nested-images columns-default is-cropped wp-block-gallery-1 is-layout-flex wp-block-gallery-is-layout-flex\">\n<figure class=\"wp-block-image size-large\"><img fetchpriority=\"high\" decoding=\"async\" width=\"1024\" height=\"169\" data-id=\"1130\" src=\"http:\/\/conferences.tiu.edu.iq\/icabep\/wp-content\/uploads\/2020\/12\/Sponsors-2019-1024x169.jpg\" alt=\"Tishk International University | International Conference on Accounting, Business, Economics and Politics\" class=\"wp-image-1130\" srcset=\"https:\/\/conferences.tiu.edu.iq\/icabep\/wp-content\/uploads\/2020\/12\/Sponsors-2019-1024x169.jpg 1024w, https:\/\/conferences.tiu.edu.iq\/icabep\/wp-content\/uploads\/2020\/12\/Sponsors-2019-300x50.jpg 300w, https:\/\/conferences.tiu.edu.iq\/icabep\/wp-content\/uploads\/2020\/12\/Sponsors-2019-768x127.jpg 768w, https:\/\/conferences.tiu.edu.iq\/icabep\/wp-content\/uploads\/2020\/12\/Sponsors-2019.jpg 1260w\" sizes=\"(max-width: 1024px) 100vw, 1024px\" \/><\/figure>\n<\/figure>\n\n\n\n<p><\/p>\n\n\n\n<hr class=\"wp-block-separator has-css-opacity is-style-wide\"\/>\n\n\n\n<p><\/p>\n\n\n<figure class=\"wp-block-image aligncenter is-resized\"><\/figure>\n\n<p style=\"text-align: center;\"><strong data-rich-text-format-boundary=\"true\">Faculty of Administrative Sciences and Economics<br data-rich-text-line-break=\"true\">TISHK International University<\/strong><\/p>","protected":false},"excerpt":{"rendered":"<p>2nd Joint International Conferenceon Accounting, Business, Economics and Politics organized byFaculty of Administrative Sciences and Economics, Tishk International University,College of Administration and Economics, Salahaddin University-Erbil, and theUniversity of Szczecin, Poland. April&nbsp;10-11, 2019 Link: Proceedings Papers Keynote Speakers Title Prof. dr hab. Waldemar Tarczy\u0144ski Dean of Faculty Economics and Management University of Szczecin Professor Dr. Wawrzyniec &hellip; <\/p>\n","protected":false},"author":12,"featured_media":0,"parent":0,"menu_order":0,"comment_status":"closed","ping_status":"closed","template":"","meta":{"footnotes":""},"class_list":["post-1116","page","type-page","status-publish","hentry"],"yoast_head":"<!-- This site is optimized with the Yoast SEO plugin v26.2 - https:\/\/yoast.com\/wordpress\/plugins\/seo\/ -->\n<title>ICABEP 2019 - ICABEP TIU<\/title>\n<meta name=\"description\" content=\"ICABEP 2019 Dean of Faculty Economics and Management University of SzczecinProfessor Dr. Wawrzyniec Konarski Rector\u2019s Proxy...\" \/>\n<meta name=\"robots\" content=\"index, follow, max-snippet:-1, max-image-preview:large, max-video-preview:-1\" \/>\n<link rel=\"canonical\" href=\"https:\/\/conferences.tiu.edu.iq\/icabep\/icabep-2019\/\" \/>\n<meta property=\"og:locale\" content=\"en_US\" \/>\n<meta property=\"og:type\" content=\"article\" \/>\n<meta property=\"og:title\" content=\"ICABEP 2019 - ICABEP TIU\" \/>\n<meta property=\"og:description\" content=\"ICABEP 2019 Dean of Faculty Economics and Management University of SzczecinProfessor Dr. Wawrzyniec Konarski Rector\u2019s Proxy...\" \/>\n<meta property=\"og:url\" content=\"https:\/\/conferences.tiu.edu.iq\/icabep\/icabep-2019\/\" \/>\n<meta property=\"og:site_name\" content=\"ICABEP TIU\" \/>\n<meta property=\"article:modified_time\" content=\"2024-05-26T07:10:47+00:00\" \/>\n<meta property=\"og:image\" content=\"http:\/\/tiu.edu.iq\/business\/icabep-archives\/wp-content\/uploads\/2019\/09\/ThreeLogos-1024x307.png\" \/>\n<meta name=\"twitter:card\" content=\"summary_large_image\" \/>\n<meta name=\"twitter:label1\" content=\"Est. reading time\" \/>\n\t<meta name=\"twitter:data1\" content=\"2 minutes\" \/>\n<script type=\"application\/ld+json\" class=\"yoast-schema-graph\">{\"@context\":\"https:\/\/schema.org\",\"@graph\":[{\"@type\":\"WebPage\",\"@id\":\"https:\/\/conferences.tiu.edu.iq\/icabep\/icabep-2019\/\",\"url\":\"https:\/\/conferences.tiu.edu.iq\/icabep\/icabep-2019\/\",\"name\":\"ICABEP 2019 - ICABEP TIU\",\"isPartOf\":{\"@id\":\"https:\/\/conferences.tiu.edu.iq\/icabep\/#website\"},\"primaryImageOfPage\":{\"@id\":\"https:\/\/conferences.tiu.edu.iq\/icabep\/icabep-2019\/#primaryimage\"},\"image\":{\"@id\":\"https:\/\/conferences.tiu.edu.iq\/icabep\/icabep-2019\/#primaryimage\"},\"thumbnailUrl\":\"http:\/\/tiu.edu.iq\/business\/icabep-archives\/wp-content\/uploads\/2019\/09\/ThreeLogos-1024x307.png\",\"datePublished\":\"2020-12-16T13:49:38+00:00\",\"dateModified\":\"2024-05-26T07:10:47+00:00\",\"description\":\"ICABEP 2019 Dean of Faculty Economics and Management University of SzczecinProfessor Dr. Wawrzyniec Konarski Rector\u2019s Proxy...\",\"breadcrumb\":{\"@id\":\"https:\/\/conferences.tiu.edu.iq\/icabep\/icabep-2019\/#breadcrumb\"},\"inLanguage\":\"en-US\",\"potentialAction\":[{\"@type\":\"ReadAction\",\"target\":[\"https:\/\/conferences.tiu.edu.iq\/icabep\/icabep-2019\/\"]}]},{\"@type\":\"ImageObject\",\"inLanguage\":\"en-US\",\"@id\":\"https:\/\/conferences.tiu.edu.iq\/icabep\/icabep-2019\/#primaryimage\",\"url\":\"http:\/\/tiu.edu.iq\/business\/icabep-archives\/wp-content\/uploads\/2019\/09\/ThreeLogos-1024x307.png\",\"contentUrl\":\"http:\/\/tiu.edu.iq\/business\/icabep-archives\/wp-content\/uploads\/2019\/09\/ThreeLogos-1024x307.png\"},{\"@type\":\"BreadcrumbList\",\"@id\":\"https:\/\/conferences.tiu.edu.iq\/icabep\/icabep-2019\/#breadcrumb\",\"itemListElement\":[{\"@type\":\"ListItem\",\"position\":1,\"name\":\"Home\",\"item\":\"https:\/\/conferences.tiu.edu.iq\/icabep\/\"},{\"@type\":\"ListItem\",\"position\":2,\"name\":\"ICABEP 2019\"}]},{\"@type\":\"WebSite\",\"@id\":\"https:\/\/conferences.tiu.edu.iq\/icabep\/#website\",\"url\":\"https:\/\/conferences.tiu.edu.iq\/icabep\/\",\"name\":\"ICABEP TIU\",\"description\":\"The Future is Here\",\"publisher\":{\"@id\":\"https:\/\/conferences.tiu.edu.iq\/icabep\/#organization\"},\"potentialAction\":[{\"@type\":\"SearchAction\",\"target\":{\"@type\":\"EntryPoint\",\"urlTemplate\":\"https:\/\/conferences.tiu.edu.iq\/icabep\/?s={search_term_string}\"},\"query-input\":{\"@type\":\"PropertyValueSpecification\",\"valueRequired\":true,\"valueName\":\"search_term_string\"}}],\"inLanguage\":\"en-US\"},{\"@type\":\"Organization\",\"@id\":\"https:\/\/conferences.tiu.edu.iq\/icabep\/#organization\",\"name\":\"ICABEP TIU\",\"url\":\"https:\/\/conferences.tiu.edu.iq\/icabep\/\",\"logo\":{\"@type\":\"ImageObject\",\"inLanguage\":\"en-US\",\"@id\":\"https:\/\/conferences.tiu.edu.iq\/icabep\/#\/schema\/logo\/image\/\",\"url\":\"https:\/\/conferences.tiu.edu.iq\/icabep\/wp-content\/uploads\/2025\/04\/Logo-copy.png\",\"contentUrl\":\"https:\/\/conferences.tiu.edu.iq\/icabep\/wp-content\/uploads\/2025\/04\/Logo-copy.png\",\"width\":4679,\"height\":860,\"caption\":\"ICABEP TIU\"},\"image\":{\"@id\":\"https:\/\/conferences.tiu.edu.iq\/icabep\/#\/schema\/logo\/image\/\"}}]}<\/script>\n<!-- \/ Yoast SEO plugin. -->","yoast_head_json":{"title":"ICABEP 2019 - ICABEP TIU","description":"ICABEP 2019 Dean of Faculty Economics and Management University of SzczecinProfessor Dr. Wawrzyniec Konarski Rector\u2019s Proxy...","robots":{"index":"index","follow":"follow","max-snippet":"max-snippet:-1","max-image-preview":"max-image-preview:large","max-video-preview":"max-video-preview:-1"},"canonical":"https:\/\/conferences.tiu.edu.iq\/icabep\/icabep-2019\/","og_locale":"en_US","og_type":"article","og_title":"ICABEP 2019 - ICABEP TIU","og_description":"ICABEP 2019 Dean of Faculty Economics and Management University of SzczecinProfessor Dr. Wawrzyniec Konarski Rector\u2019s Proxy...","og_url":"https:\/\/conferences.tiu.edu.iq\/icabep\/icabep-2019\/","og_site_name":"ICABEP TIU","article_modified_time":"2024-05-26T07:10:47+00:00","og_image":[{"url":"http:\/\/tiu.edu.iq\/business\/icabep-archives\/wp-content\/uploads\/2019\/09\/ThreeLogos-1024x307.png","type":"","width":"","height":""}],"twitter_card":"summary_large_image","twitter_misc":{"Est. reading time":"2 minutes"},"schema":{"@context":"https:\/\/schema.org","@graph":[{"@type":"WebPage","@id":"https:\/\/conferences.tiu.edu.iq\/icabep\/icabep-2019\/","url":"https:\/\/conferences.tiu.edu.iq\/icabep\/icabep-2019\/","name":"ICABEP 2019 - ICABEP TIU","isPartOf":{"@id":"https:\/\/conferences.tiu.edu.iq\/icabep\/#website"},"primaryImageOfPage":{"@id":"https:\/\/conferences.tiu.edu.iq\/icabep\/icabep-2019\/#primaryimage"},"image":{"@id":"https:\/\/conferences.tiu.edu.iq\/icabep\/icabep-2019\/#primaryimage"},"thumbnailUrl":"http:\/\/tiu.edu.iq\/business\/icabep-archives\/wp-content\/uploads\/2019\/09\/ThreeLogos-1024x307.png","datePublished":"2020-12-16T13:49:38+00:00","dateModified":"2024-05-26T07:10:47+00:00","description":"ICABEP 2019 Dean of Faculty Economics and Management University of SzczecinProfessor Dr. Wawrzyniec Konarski Rector\u2019s Proxy...","breadcrumb":{"@id":"https:\/\/conferences.tiu.edu.iq\/icabep\/icabep-2019\/#breadcrumb"},"inLanguage":"en-US","potentialAction":[{"@type":"ReadAction","target":["https:\/\/conferences.tiu.edu.iq\/icabep\/icabep-2019\/"]}]},{"@type":"ImageObject","inLanguage":"en-US","@id":"https:\/\/conferences.tiu.edu.iq\/icabep\/icabep-2019\/#primaryimage","url":"http:\/\/tiu.edu.iq\/business\/icabep-archives\/wp-content\/uploads\/2019\/09\/ThreeLogos-1024x307.png","contentUrl":"http:\/\/tiu.edu.iq\/business\/icabep-archives\/wp-content\/uploads\/2019\/09\/ThreeLogos-1024x307.png"},{"@type":"BreadcrumbList","@id":"https:\/\/conferences.tiu.edu.iq\/icabep\/icabep-2019\/#breadcrumb","itemListElement":[{"@type":"ListItem","position":1,"name":"Home","item":"https:\/\/conferences.tiu.edu.iq\/icabep\/"},{"@type":"ListItem","position":2,"name":"ICABEP 2019"}]},{"@type":"WebSite","@id":"https:\/\/conferences.tiu.edu.iq\/icabep\/#website","url":"https:\/\/conferences.tiu.edu.iq\/icabep\/","name":"ICABEP TIU","description":"The Future is Here","publisher":{"@id":"https:\/\/conferences.tiu.edu.iq\/icabep\/#organization"},"potentialAction":[{"@type":"SearchAction","target":{"@type":"EntryPoint","urlTemplate":"https:\/\/conferences.tiu.edu.iq\/icabep\/?s={search_term_string}"},"query-input":{"@type":"PropertyValueSpecification","valueRequired":true,"valueName":"search_term_string"}}],"inLanguage":"en-US"},{"@type":"Organization","@id":"https:\/\/conferences.tiu.edu.iq\/icabep\/#organization","name":"ICABEP TIU","url":"https:\/\/conferences.tiu.edu.iq\/icabep\/","logo":{"@type":"ImageObject","inLanguage":"en-US","@id":"https:\/\/conferences.tiu.edu.iq\/icabep\/#\/schema\/logo\/image\/","url":"https:\/\/conferences.tiu.edu.iq\/icabep\/wp-content\/uploads\/2025\/04\/Logo-copy.png","contentUrl":"https:\/\/conferences.tiu.edu.iq\/icabep\/wp-content\/uploads\/2025\/04\/Logo-copy.png","width":4679,"height":860,"caption":"ICABEP TIU"},"image":{"@id":"https:\/\/conferences.tiu.edu.iq\/icabep\/#\/schema\/logo\/image\/"}}]}},"_links":{"self":[{"href":"https:\/\/conferences.tiu.edu.iq\/icabep\/wp-json\/wp\/v2\/pages\/1116","targetHints":{"allow":["GET"]}}],"collection":[{"href":"https:\/\/conferences.tiu.edu.iq\/icabep\/wp-json\/wp\/v2\/pages"}],"about":[{"href":"https:\/\/conferences.tiu.edu.iq\/icabep\/wp-json\/wp\/v2\/types\/page"}],"author":[{"embeddable":true,"href":"https:\/\/conferences.tiu.edu.iq\/icabep\/wp-json\/wp\/v2\/users\/12"}],"replies":[{"embeddable":true,"href":"https:\/\/conferences.tiu.edu.iq\/icabep\/wp-json\/wp\/v2\/comments?post=1116"}],"version-history":[{"count":44,"href":"https:\/\/conferences.tiu.edu.iq\/icabep\/wp-json\/wp\/v2\/pages\/1116\/revisions"}],"predecessor-version":[{"id":4919,"href":"https:\/\/conferences.tiu.edu.iq\/icabep\/wp-json\/wp\/v2\/pages\/1116\/revisions\/4919"}],"wp:attachment":[{"href":"https:\/\/conferences.tiu.edu.iq\/icabep\/wp-json\/wp\/v2\/media?parent=1116"}],"curies":[{"name":"wp","href":"https:\/\/api.w.org\/{rel}","templated":true}]}}